{"id":963,"date":"2025-01-07T16:34:12","date_gmt":"2025-01-07T15:34:12","guid":{"rendered":"http:\/\/blog.assotellementproches.org\/?page_id=963"},"modified":"2025-01-09T12:00:38","modified_gmt":"2025-01-09T11:00:38","slug":"remise-du-cheque-annuel-au-centre-leon-berard","status":"publish","type":"page","link":"https:\/\/blog.assotellementproches.org\/index.php\/remise-du-cheque-annuel-au-centre-leon-berard\/","title":{"rendered":"Remise du ch\u00e8que annuel au Centre L\u00e9on B\u00e9rard (45 000\u20ac)"},"content":{"rendered":"\n\n\n\n","protected":false},"excerpt":{"rendered":"","protected":false},"author":2,"featured_media":0,"parent":0,"menu_order":0,"comment_status":"closed","ping_status":"closed","template":"full-width","meta":{"saved_in_kubio":true,"footnotes":""},"class_list":["post-963","page","type-page","status-publish","hentry"],"kubio_ai_page_context":{"short_desc":"","purpose":"general"},"yoast_head":"<!-- This site is optimized with the Yoast SEO plugin v24.3 - https:\/\/yoast.com\/wordpress\/plugins\/seo\/ -->\n<title>Remise du ch\u00e8que annuel au Centre L\u00e9on B\u00e9rard (45 000\u20ac) -<\/title>\n<meta name=\"robots\" content=\"index, follow, max-snippet:-1, max-image-preview:large, max-video-preview:-1\" \/>\n<link rel=\"canonical\" href=\"https:\/\/blog.assotellementproches.org\/index.php\/remise-du-cheque-annuel-au-centre-leon-berard\/\" \/>\n<meta property=\"og:locale\" content=\"fr_FR\" \/>\n<meta property=\"og:type\" content=\"article\" \/>\n<meta property=\"og:title\" content=\"Remise du ch\u00e8que annuel au Centre L\u00e9on B\u00e9rard (45 000\u20ac) -\" \/>\n<meta property=\"og:url\" content=\"https:\/\/blog.assotellementproches.org\/index.php\/remise-du-cheque-annuel-au-centre-leon-berard\/\" \/>\n<meta property=\"article:publisher\" content=\"https:\/\/www.facebook.com\/tellement.proches16\/\" \/>\n<meta property=\"article:modified_time\" content=\"2025-01-09T11:00:38+00:00\" \/>\n<meta name=\"twitter:card\" content=\"summary_large_image\" \/>\n<meta name=\"twitter:label1\" content=\"Dur\u00e9e de lecture estim\u00e9e\" \/>\n\t<meta name=\"twitter:data1\" content=\"1 minute\" \/>\n<script type=\"application\/ld+json\" class=\"yoast-schema-graph\">{\"@context\":\"https:\/\/schema.org\",\"@graph\":[{\"@type\":\"WebPage\",\"@id\":\"https:\/\/blog.assotellementproches.org\/index.php\/remise-du-cheque-annuel-au-centre-leon-berard\/\",\"url\":\"https:\/\/blog.assotellementproches.org\/index.php\/remise-du-cheque-annuel-au-centre-leon-berard\/\",\"name\":\"Remise du ch\u00e8que annuel au Centre L\u00e9on B\u00e9rard (45 000\u20ac) -\",\"isPartOf\":{\"@id\":\"https:\/\/blog.assotellementproches.org\/#website\"},\"datePublished\":\"2025-01-07T15:34:12+00:00\",\"dateModified\":\"2025-01-09T11:00:38+00:00\",\"breadcrumb\":{\"@id\":\"https:\/\/blog.assotellementproches.org\/index.php\/remise-du-cheque-annuel-au-centre-leon-berard\/#breadcrumb\"},\"inLanguage\":\"fr-FR\",\"potentialAction\":[{\"@type\":\"ReadAction\",\"target\":[\"https:\/\/blog.assotellementproches.org\/index.php\/remise-du-cheque-annuel-au-centre-leon-berard\/\"]}]},{\"@type\":\"BreadcrumbList\",\"@id\":\"https:\/\/blog.assotellementproches.org\/index.php\/remise-du-cheque-annuel-au-centre-leon-berard\/#breadcrumb\",\"itemListElement\":[{\"@type\":\"ListItem\",\"position\":1,\"name\":\"Accueil\",\"item\":\"https:\/\/blog.assotellementproches.org\/\"},{\"@type\":\"ListItem\",\"position\":2,\"name\":\"Remise du ch\u00e8que annuel au Centre L\u00e9on B\u00e9rard (45 000\u20ac)\"}]},{\"@type\":\"WebSite\",\"@id\":\"https:\/\/blog.assotellementproches.org\/#website\",\"url\":\"https:\/\/blog.assotellementproches.org\/\",\"name\":\"Association Tellement Proches\",\"description\":\"Ensemble, aidons la recherche sur les cancers p\u00e9diatriques\",\"publisher\":{\"@id\":\"https:\/\/blog.assotellementproches.org\/#organization\"},\"potentialAction\":[{\"@type\":\"SearchAction\",\"target\":{\"@type\":\"EntryPoint\",\"urlTemplate\":\"https:\/\/blog.assotellementproches.org\/?s={search_term_string}\"},\"query-input\":{\"@type\":\"PropertyValueSpecification\",\"valueRequired\":true,\"valueName\":\"search_term_string\"}}],\"inLanguage\":\"fr-FR\"},{\"@type\":\"Organization\",\"@id\":\"https:\/\/blog.assotellementproches.org\/#organization\",\"name\":\"Association Tellement Proches\",\"url\":\"https:\/\/blog.assotellementproches.org\/\",\"logo\":{\"@type\":\"ImageObject\",\"inLanguage\":\"fr-FR\",\"@id\":\"https:\/\/blog.assotellementproches.org\/#\/schema\/logo\/image\/\",\"url\":\"https:\/\/blog.assotellementproches.org\/wp-content\/uploads\/2024\/11\/LOGO-TP.png\",\"contentUrl\":\"https:\/\/blog.assotellementproches.org\/wp-content\/uploads\/2024\/11\/LOGO-TP.png\",\"width\":2997,\"height\":2997,\"caption\":\"Association Tellement Proches\"},\"image\":{\"@id\":\"https:\/\/blog.assotellementproches.org\/#\/schema\/logo\/image\/\"},\"sameAs\":[\"https:\/\/www.facebook.com\/tellement.proches16\/\"]}]}<\/script>\n<!-- \/ Yoast SEO plugin. -->","yoast_head_json":{"title":"Remise du ch\u00e8que annuel au Centre L\u00e9on B\u00e9rard (45 000\u20ac) -","robots":{"index":"index","follow":"follow","max-snippet":"max-snippet:-1","max-image-preview":"max-image-preview:large","max-video-preview":"max-video-preview:-1"},"canonical":"https:\/\/blog.assotellementproches.org\/index.php\/remise-du-cheque-annuel-au-centre-leon-berard\/","og_locale":"fr_FR","og_type":"article","og_title":"Remise du ch\u00e8que annuel au Centre L\u00e9on B\u00e9rard (45 000\u20ac) -","og_url":"https:\/\/blog.assotellementproches.org\/index.php\/remise-du-cheque-annuel-au-centre-leon-berard\/","article_publisher":"https:\/\/www.facebook.com\/tellement.proches16\/","article_modified_time":"2025-01-09T11:00:38+00:00","twitter_card":"summary_large_image","twitter_misc":{"Dur\u00e9e de lecture estim\u00e9e":"1 minute"},"schema":{"@context":"https:\/\/schema.org","@graph":[{"@type":"WebPage","@id":"https:\/\/blog.assotellementproches.org\/index.php\/remise-du-cheque-annuel-au-centre-leon-berard\/","url":"https:\/\/blog.assotellementproches.org\/index.php\/remise-du-cheque-annuel-au-centre-leon-berard\/","name":"Remise du ch\u00e8que annuel au Centre L\u00e9on B\u00e9rard (45 000\u20ac) -","isPartOf":{"@id":"https:\/\/blog.assotellementproches.org\/#website"},"datePublished":"2025-01-07T15:34:12+00:00","dateModified":"2025-01-09T11:00:38+00:00","breadcrumb":{"@id":"https:\/\/blog.assotellementproches.org\/index.php\/remise-du-cheque-annuel-au-centre-leon-berard\/#breadcrumb"},"inLanguage":"fr-FR","potentialAction":[{"@type":"ReadAction","target":["https:\/\/blog.assotellementproches.org\/index.php\/remise-du-cheque-annuel-au-centre-leon-berard\/"]}]},{"@type":"BreadcrumbList","@id":"https:\/\/blog.assotellementproches.org\/index.php\/remise-du-cheque-annuel-au-centre-leon-berard\/#breadcrumb","itemListElement":[{"@type":"ListItem","position":1,"name":"Accueil","item":"https:\/\/blog.assotellementproches.org\/"},{"@type":"ListItem","position":2,"name":"Remise du ch\u00e8que annuel au Centre L\u00e9on B\u00e9rard (45 000\u20ac)"}]},{"@type":"WebSite","@id":"https:\/\/blog.assotellementproches.org\/#website","url":"https:\/\/blog.assotellementproches.org\/","name":"Association Tellement Proches","description":"Ensemble, aidons la recherche sur les cancers p\u00e9diatriques","publisher":{"@id":"https:\/\/blog.assotellementproches.org\/#organization"},"potentialAction":[{"@type":"SearchAction","target":{"@type":"EntryPoint","urlTemplate":"https:\/\/blog.assotellementproches.org\/?s={search_term_string}"},"query-input":{"@type":"PropertyValueSpecification","valueRequired":true,"valueName":"search_term_string"}}],"inLanguage":"fr-FR"},{"@type":"Organization","@id":"https:\/\/blog.assotellementproches.org\/#organization","name":"Association Tellement Proches","url":"https:\/\/blog.assotellementproches.org\/","logo":{"@type":"ImageObject","inLanguage":"fr-FR","@id":"https:\/\/blog.assotellementproches.org\/#\/schema\/logo\/image\/","url":"https:\/\/blog.assotellementproches.org\/wp-content\/uploads\/2024\/11\/LOGO-TP.png","contentUrl":"https:\/\/blog.assotellementproches.org\/wp-content\/uploads\/2024\/11\/LOGO-TP.png","width":2997,"height":2997,"caption":"Association Tellement Proches"},"image":{"@id":"https:\/\/blog.assotellementproches.org\/#\/schema\/logo\/image\/"},"sameAs":["https:\/\/www.facebook.com\/tellement.proches16\/"]}]}},"_links":{"self":[{"href":"https:\/\/blog.assotellementproches.org\/index.php\/wp-json\/wp\/v2\/pages\/963","targetHints":{"allow":["GET"]}}],"collection":[{"href":"https:\/\/blog.assotellementproches.org\/index.php\/wp-json\/wp\/v2\/pages"}],"about":[{"href":"https:\/\/blog.assotellementproches.org\/index.php\/wp-json\/wp\/v2\/types\/page"}],"author":[{"embeddable":true,"href":"https:\/\/blog.assotellementproches.org\/index.php\/wp-json\/wp\/v2\/users\/2"}],"replies":[{"embeddable":true,"href":"https:\/\/blog.assotellementproches.org\/index.php\/wp-json\/wp\/v2\/comments?post=963"}],"version-history":[{"count":7,"href":"https:\/\/blog.assotellementproches.org\/index.php\/wp-json\/wp\/v2\/pages\/963\/revisions"}],"predecessor-version":[{"id":1060,"href":"https:\/\/blog.assotellementproches.org\/index.php\/wp-json\/wp\/v2\/pages\/963\/revisions\/1060"}],"wp:attachment":[{"href":"https:\/\/blog.assotellementproches.org\/index.php\/wp-json\/wp\/v2\/media?parent=963"}],"curies":[{"name":"wp","href":"https:\/\/api.w.org\/{rel}","templated":true}]}}